{"id":1978,"date":"2024-01-04T10:30:09","date_gmt":"2024-01-04T09:30:09","guid":{"rendered":"https:\/\/scandinaviantankstorage.com\/home-new-sv\/"},"modified":"2026-01-23T12:14:47","modified_gmt":"2026-01-23T11:14:47","slug":"home","status":"publish","type":"page","link":"https:\/\/scandinaviantankstorage.com\/sv\/","title":{"rendered":"Hem"},"content":{"rendered":"<div id=\"cs-content\" class=\"cs-content\"><div class=\"x-section e1978-e1 m1iy-0 m1iy-1\" id=\"om\"><div class=\"x-row e1978-e2 m1iy-3 m1iy-4 m1iy-5 m1iy-8 m1iy-9\"><div class=\"x-row-inner\"><div class=\"x-col e1978-e3 m1iy-d m1iy-e m1iy-f m1iy-g\"><div class=\"x-text x-text-headline e1978-e4 m1iy-o m1iy-p m1iy-q\"><div class=\"x-text-content\"><div class=\"x-text-content-text\"><h3 class=\"x-text-content-text-primary\">OM OSS<\/h3>\n<\/div><\/div><\/div><div class=\"x-text x-content e1978-e5 m1iy-t m1iy-u m1iy-v m1iy-w\">Scandinavian Tank Storage AB \u00e4r ett privat\u00e4gt och oberoende lagringsf\u00f6retag f\u00f6r petroleumbaserade produkter. Sedan starten 1993 har v\u00e5r filosofi varit enkel: genom professionalitet och kostnadseffektivitet skapar vi goda aff\u00e4rer och f\u00f6renklar f\u00f6r v\u00e5ra kunder.\r\n\r\nVi jobbar alltid l\u00e5ngsiktigt och p\u00e5 ett personligt plan med v\u00e5ra uppdragsgivare och samarbetspartner. Vi ser oss mer som en proaktiv partner \u00e4n en leverant\u00f6r av tj\u00e4nster. V\u00e5r lyh\u00f6rdhet f\u00f6r marknadens behov samt v\u00e5rt l\u00f6sningsorienterade f\u00f6rh\u00e5llningss\u00e4tt har bidragit till att vi idag har en marknadsledande position i Norden.\r\n\r\nV\u00e5ra moderna terminaler \u00e4r anpassade f\u00f6r s\u00e5v\u00e4l distribution som strategisk lagring, lagring f\u00f6r arbitrageaff\u00e4rer samt contangolagring. Vi best\u00e5r av ett 20-tal kompetenta medarbetare med l\u00e5ng och gedigen erfarenhet i branschen. Flertalet \u00e4gare \u00e4r aktiva i bolaget, vilket skapar ett starkt engagemang och snabba beslutsv\u00e4gar. Ett starkt fokus ligger p\u00e5 utveckling och expansion, tillsammans med v\u00e5ra kunder och partners.<\/div><div class=\"x-text x-content e1978-e6 m1iy-u m1iy-x m1iy-y company-presHem\"><img loading=\"lazy\" decoding=\"async\" class=\"alignleft size-full wp-image-52\" style=\"margin: 0 10px 0 0;\" src=\"http:\/\/scandinaviantankstorage.com\/wp-content\/uploads\/2017\/05\/download.png\" alt=\"\" width=\"25\" height=\"30\" \/> <span style=\"color: #ffffff;\"><a style=\"color: #ffffff;\" href=\"https:\/\/scandinaviantankstorage.com\/wp-content\/uploads\/2026\/01\/STS-CP2026.pdf\" target=\"_blank\" rel=\"noopener noreferrer\"><em>Ladda ned v\u00e5r f\u00f6retagspresentation<\/em><\/a><\/span><\/div><\/div><div class=\"x-col e1978-e7 m1iy-d m1iy-h m1iy-i m1iy-j\"><div class=\"x-bg\" aria-hidden=\"true\"><div class=\"x-bg-layer-lower-image\"><\/div><\/div><span class=\"x-image e1978-e8 m1iy-10 m1iy-11\"><img decoding=\"async\" src=\"https:\/\/scandinaviantankstorage.com\/wp-content\/uploads\/2017\/07\/boat_ikon.svg\" width=\"0\" height=\"0\" alt=\"Image\" loading=\"lazy\"><\/span><\/div><\/div><\/div><div class=\"x-row e1978-e9 m1iy-3 m1iy-4 m1iy-6 m1iy-8 m1iy-a\"><div class=\"x-row-inner\"><div class=\"x-col e1978-e10 m1iy-d m1iy-e m1iy-k\" id=\"offer-headline\"><div class=\"x-text x-text-headline e1978-e11 m1iy-o m1iy-p m1iy-r\"><div class=\"x-text-content\"><div class=\"x-text-content-text\"><h3 class=\"x-text-content-text-primary\">OM ERBJUDANDET<\/h3>\n<\/div><\/div><\/div><div class=\"x-text x-content e1978-e12 m1iy-t m1iy-u m1iy-v m1iy-z\">Vi str\u00e4var alltid efter att erbjuda marknadens mest attraktiva l\u00f6sningar f\u00f6r alla typer av lagringsbehov, i s\u00e5v\u00e4l bergrum som cisterner. V\u00e5r service omfattar dygnets alla timmar.\r\n\r\nAlla v\u00e5ra lagringsfaciliteter \u00e4r bel\u00e4gna p\u00e5 strategiska och v\u00e4l valda platser runt om i Norden. V\u00e5r flexibilitet och breda utbud g\u00f6r att vi kan lagra flera olika typer av produkter och kvaliteter.\r\n\r\nGenom egna f\u00f6rv\u00e4rv, del\u00e4garskap och l\u00e5ngsiktiga samarbetsavtal kan vi alltid erbjuda stor lagringskapacitet och innovativa l\u00f6sningar till konkurrenskraftiga priser. F\u00f6r att garantera h\u00f6gsta kvalitet och s\u00e4kerhet investerar vi kontinuerligt i ny teknik och effektiv infrastruktur p\u00e5 v\u00e5ra terminaler.\r\n\r\nI G\u00f6teborg f\u00f6rfogar vi \u00f6ver Nordens st\u00f6rsta r\u00e5oljeanl\u00e4ggning p\u00e5 1,4 miljoner kubikmeter och genom v\u00e5rt isl\u00e4ndska dotterbolag Scandinavian Tank Storage hf, f\u00f6rser vi Keflaviks flygplats med Jet-fuel. V\u00e5r totala lagringskapacitet \u00e4r n\u00e4rmare 4 miljoner kubikmeter.<\/div><\/div><div class=\"x-col e1978-e13 m1iy-d m1iy-h m1iy-i m1iy-l\"><div class=\"x-bg\" aria-hidden=\"true\"><div class=\"x-bg-layer-lower-image\"><\/div><\/div><span class=\"x-image e1978-e14 m1iy-10 m1iy-12\"><img decoding=\"async\" src=\"https:\/\/scandinaviantankstorage.com\/wp-content\/uploads\/2017\/06\/tunna.png\" width=\"117\" height=\"180\" alt=\"Image\" loading=\"lazy\"><\/span><\/div><\/div><\/div><div class=\"x-row e1978-e15 m1iy-3 m1iy-4 m1iy-5 m1iy-8 m1iy-b\"><div class=\"x-row-inner\"><div class=\"x-col e1978-e16 m1iy-d m1iy-e m1iy-f m1iy-m\"><div class=\"x-text x-text-headline e1978-e17 m1iy-o m1iy-p m1iy-q\"><div class=\"x-text-content\"><div class=\"x-text-content-text\"><h3 class=\"x-text-content-text-primary\">H\u00c5LLBARHET<\/h3>\n<\/div><\/div><\/div><div class=\"x-text x-content e1978-e18 m1iy-t m1iy-u m1iy-v m1iy-w\">Kompetensen inom h\u00e5llbar utveckling \u00e4r h\u00f6g i hela organisationen och h\u00e5llbarhet \u00e4r en integrerad del i v\u00e5r verksamhet. Vi har ett n\u00e4ra samarbete med myndigheter och samarbetspartners. Genom tillst\u00e5ndspr\u00f6vning s\u00e4tts villkoren f\u00f6r v\u00e5r verksamhet och den g\u00e4llande lagstiftningen \u00e4r ett minimikrav. Vi jobbar dessutom proaktivt f\u00f6r att ligga steget f\u00f6re. Detta betyder att vi anpassar v\u00e5rt milj\u00f6arbete kontinuerligt utifr\u00e5n den nyaste tekniken och den senaste kunskapen. Ansvarstagande och helhetssyn st\u00e5r i direkt relation till omv\u00e4rldens f\u00f6rtroende. N\u00e5got som ocks\u00e5 ligger helt i linje med v\u00e5ra egna v\u00e4rderingar.<\/div><\/div><div class=\"x-col e1978-e19 m1iy-d m1iy-h m1iy-i m1iy-n\"><div class=\"x-bg\" aria-hidden=\"true\"><div class=\"x-bg-layer-lower-image\"><\/div><\/div><span class=\"x-image e1978-e20 m1iy-10 m1iy-12\"><img decoding=\"async\" src=\"https:\/\/scandinaviantankstorage.com\/wp-content\/uploads\/2017\/06\/environment.png\" width=\"163\" height=\"163\" alt=\"Image\" loading=\"lazy\"><\/span><\/div><\/div><\/div><\/div><div class=\"x-section e1978-e21 m1iy-0 m1iy-2\" id=\"offices\"><div class=\"x-bg\" aria-hidden=\"true\"><div class=\"x-bg-layer-lower-image\"><\/div><\/div><div class=\"x-row e1978-e22 m1iy-3 m1iy-5 m1iy-7 m1iy-c\"><div class=\"x-row-inner\"><div class=\"x-col e1978-e23 m1iy-d m1iy-i\"><div class=\"x-text x-text-headline e1978-e24 m1iy-o m1iy-q m1iy-s\"><div class=\"x-text-content\"><div class=\"x-text-content-text\"><h4 class=\"x-text-content-text-primary\">V\u00e5rt kontor i G\u00f6teborg<\/h4>\n<\/div><\/div><\/div><div class=\"x-text x-content e1978-e25 m1iy-t m1iy-u m1iy-w m1iy-y\">Sven K\u00e4llfelts gata 201,\r\n426 71 VF G\u00f6teborg\r\nSwitchboard: +46 31 769 00 00\r\nOperations: +46 31 769 00 10<\/div><\/div><div class=\"x-col e1978-e26 m1iy-d m1iy-i\"><div class=\"x-text x-text-headline e1978-e27 m1iy-o m1iy-q m1iy-s\"><div class=\"x-text-content\"><div class=\"x-text-content-text\"><h4 class=\"x-text-content-text-primary\">V\u00e5rt kontor i Malm\u00f6<\/h4>\n<\/div><\/div><\/div><div class=\"x-text x-content e1978-e28 m1iy-t m1iy-u m1iy-w m1iy-y\">Oljev\u00e4gen 28, 211 24 Malm\u00f6\r\nPhone: +46 40 689 18 59<\/div><\/div><div class=\"x-col e1978-e29 m1iy-d m1iy-i\"><div class=\"x-text x-text-headline e1978-e30 m1iy-o m1iy-q m1iy-s\"><div class=\"x-text-content\"><div class=\"x-text-content-text\"><h4 class=\"x-text-content-text-primary\">V\u00e5rt kontor p\u00e5 Island<\/h4>\n<\/div><\/div><\/div><div class=\"x-text x-content e1978-e31 m1iy-t m1iy-u m1iy-w m1iy-y\">Hlidasmari 4, 201 Kopavogur, Island<\/div><\/div><\/div><\/div><\/div><\/div>\n","protected":false},"excerpt":{"rendered":"<p>OM OSS Scandinavian Tank Storage AB \u00e4r ett privat\u00e4gt och oberoende lagringsf\u00f6retag f\u00f6r petroleumbaserade produkter. Sedan starten 1993 har v\u00e5r filosofi varit enkel: genom professionalitet och kostnadseffektivitet skapar vi goda aff\u00e4rer och f\u00f6renklar f\u00f6r v\u00e5ra kunder. Vi jobbar alltid l\u00e5ngsiktigt och p\u00e5 ett personligt plan med v\u00e5ra uppdragsgivare och samarbetspartner. Vi ser oss mer som en proaktiv partner \u00e4n en &#8230; <a href=\"https:\/\/scandinaviantankstorage.com\/sv\/\" class=\"more-link\">Read More<\/a><\/p>\n","protected":false},"author":1,"featured_media":0,"parent":0,"menu_order":0,"comment_status":"closed","ping_status":"closed","template":"template-blank-4.php","meta":{"_acf_changed":false,"_exactmetrics_skip_tracking":false,"_exactmetrics_sitenote_active":false,"_exactmetrics_sitenote_note":"","_exactmetrics_sitenote_category":0,"footnotes":""},"class_list":["post-1978","page","type-page","status-publish","hentry","no-post-thumbnail"],"acf":[],"yoast_head":"<!-- This site is optimized with the Yoast SEO plugin v27.4 - https:\/\/yoast.com\/product\/yoast-seo-wordpress\/ -->\n<title>Hem - Scandinavian Tank Storage<\/title>\n<meta name=\"robots\" content=\"index, follow, max-snippet:-1, max-image-preview:large, max-video-preview:-1\" \/>\n<link rel=\"canonical\" href=\"https:\/\/scandinaviantankstorage.com\/sv\/\" \/>\n<meta property=\"og:locale\" content=\"sv_SE\" \/>\n<meta property=\"og:type\" content=\"article\" \/>\n<meta property=\"og:title\" content=\"Hem - Scandinavian Tank Storage\" \/>\n<meta property=\"og:description\" content=\"OM OSS Scandinavian Tank Storage AB \u00e4r ett privat\u00e4gt och oberoende lagringsf\u00f6retag f\u00f6r petroleumbaserade produkter. Sedan starten 1993 har v\u00e5r filosofi varit enkel: genom professionalitet och kostnadseffektivitet skapar vi goda aff\u00e4rer och f\u00f6renklar f\u00f6r v\u00e5ra kunder. Vi jobbar alltid l\u00e5ngsiktigt och p\u00e5 ett personligt plan med v\u00e5ra uppdragsgivare och samarbetspartner. Vi ser oss mer som en proaktiv partner \u00e4n en ... Read More\" \/>\n<meta property=\"og:url\" content=\"https:\/\/scandinaviantankstorage.com\/sv\/\" \/>\n<meta property=\"og:site_name\" content=\"Scandinavian Tank Storage\" \/>\n<meta property=\"article:modified_time\" content=\"2026-01-23T11:14:47+00:00\" \/>\n<meta property=\"og:image\" content=\"https:\/\/scandinaviantankstorage.com\/wp-content\/uploads\/2017\/05\/download.png\" \/>\n\t<meta property=\"og:image:width\" content=\"25\" \/>\n\t<meta property=\"og:image:height\" content=\"30\" \/>\n\t<meta property=\"og:image:type\" content=\"image\/png\" \/>\n<meta name=\"twitter:card\" content=\"summary_large_image\" \/>\n<meta name=\"twitter:label1\" content=\"Ber\u00e4knad l\u00e4stid\" \/>\n\t<meta name=\"twitter:data1\" content=\"4 minuter\" \/>\n<script type=\"application\/ld+json\" class=\"yoast-schema-graph\">{\"@context\":\"https:\\\/\\\/schema.org\",\"@graph\":[{\"@type\":\"WebPage\",\"@id\":\"https:\\\/\\\/scandinaviantankstorage.com\\\/sv\\\/\",\"url\":\"https:\\\/\\\/scandinaviantankstorage.com\\\/sv\\\/\",\"name\":\"Hem - Scandinavian Tank Storage\",\"isPartOf\":{\"@id\":\"https:\\\/\\\/scandinaviantankstorage.com\\\/#website\"},\"primaryImageOfPage\":{\"@id\":\"https:\\\/\\\/scandinaviantankstorage.com\\\/sv\\\/#primaryimage\"},\"image\":{\"@id\":\"https:\\\/\\\/scandinaviantankstorage.com\\\/sv\\\/#primaryimage\"},\"thumbnailUrl\":\"http:\\\/\\\/scandinaviantankstorage.com\\\/wp-content\\\/uploads\\\/2017\\\/05\\\/download.png\",\"datePublished\":\"2024-01-04T09:30:09+00:00\",\"dateModified\":\"2026-01-23T11:14:47+00:00\",\"breadcrumb\":{\"@id\":\"https:\\\/\\\/scandinaviantankstorage.com\\\/sv\\\/#breadcrumb\"},\"inLanguage\":\"sv-SE\",\"potentialAction\":[{\"@type\":\"ReadAction\",\"target\":[\"https:\\\/\\\/scandinaviantankstorage.com\\\/sv\\\/\"]}]},{\"@type\":\"ImageObject\",\"inLanguage\":\"sv-SE\",\"@id\":\"https:\\\/\\\/scandinaviantankstorage.com\\\/sv\\\/#primaryimage\",\"url\":\"http:\\\/\\\/scandinaviantankstorage.com\\\/wp-content\\\/uploads\\\/2017\\\/05\\\/download.png\",\"contentUrl\":\"http:\\\/\\\/scandinaviantankstorage.com\\\/wp-content\\\/uploads\\\/2017\\\/05\\\/download.png\"},{\"@type\":\"BreadcrumbList\",\"@id\":\"https:\\\/\\\/scandinaviantankstorage.com\\\/sv\\\/#breadcrumb\",\"itemListElement\":[{\"@type\":\"ListItem\",\"position\":1,\"name\":\"Home\",\"item\":\"https:\\\/\\\/scandinaviantankstorage.com\\\/sv\\\/\"},{\"@type\":\"ListItem\",\"position\":2,\"name\":\"Hem\"}]},{\"@type\":\"WebSite\",\"@id\":\"https:\\\/\\\/scandinaviantankstorage.com\\\/#website\",\"url\":\"https:\\\/\\\/scandinaviantankstorage.com\\\/\",\"name\":\"Scandinavian Tank Storage\",\"description\":\"Energy Storage Our Passion\",\"potentialAction\":[{\"@type\":\"SearchAction\",\"target\":{\"@type\":\"EntryPoint\",\"urlTemplate\":\"https:\\\/\\\/scandinaviantankstorage.com\\\/?s={search_term_string}\"},\"query-input\":{\"@type\":\"PropertyValueSpecification\",\"valueRequired\":true,\"valueName\":\"search_term_string\"}}],\"inLanguage\":\"sv-SE\"}]}<\/script>\n<!-- \/ Yoast SEO plugin. -->","yoast_head_json":{"title":"Hem - Scandinavian Tank Storage","robots":{"index":"index","follow":"follow","max-snippet":"max-snippet:-1","max-image-preview":"max-image-preview:large","max-video-preview":"max-video-preview:-1"},"canonical":"https:\/\/scandinaviantankstorage.com\/sv\/","og_locale":"sv_SE","og_type":"article","og_title":"Hem - Scandinavian Tank Storage","og_description":"OM OSS Scandinavian Tank Storage AB \u00e4r ett privat\u00e4gt och oberoende lagringsf\u00f6retag f\u00f6r petroleumbaserade produkter. Sedan starten 1993 har v\u00e5r filosofi varit enkel: genom professionalitet och kostnadseffektivitet skapar vi goda aff\u00e4rer och f\u00f6renklar f\u00f6r v\u00e5ra kunder. Vi jobbar alltid l\u00e5ngsiktigt och p\u00e5 ett personligt plan med v\u00e5ra uppdragsgivare och samarbetspartner. Vi ser oss mer som en proaktiv partner \u00e4n en ... Read More","og_url":"https:\/\/scandinaviantankstorage.com\/sv\/","og_site_name":"Scandinavian Tank Storage","article_modified_time":"2026-01-23T11:14:47+00:00","og_image":[{"width":25,"height":30,"url":"https:\/\/scandinaviantankstorage.com\/wp-content\/uploads\/2017\/05\/download.png","type":"image\/png"}],"twitter_card":"summary_large_image","twitter_misc":{"Ber\u00e4knad l\u00e4stid":"4 minuter"},"schema":{"@context":"https:\/\/schema.org","@graph":[{"@type":"WebPage","@id":"https:\/\/scandinaviantankstorage.com\/sv\/","url":"https:\/\/scandinaviantankstorage.com\/sv\/","name":"Hem - Scandinavian Tank Storage","isPartOf":{"@id":"https:\/\/scandinaviantankstorage.com\/#website"},"primaryImageOfPage":{"@id":"https:\/\/scandinaviantankstorage.com\/sv\/#primaryimage"},"image":{"@id":"https:\/\/scandinaviantankstorage.com\/sv\/#primaryimage"},"thumbnailUrl":"http:\/\/scandinaviantankstorage.com\/wp-content\/uploads\/2017\/05\/download.png","datePublished":"2024-01-04T09:30:09+00:00","dateModified":"2026-01-23T11:14:47+00:00","breadcrumb":{"@id":"https:\/\/scandinaviantankstorage.com\/sv\/#breadcrumb"},"inLanguage":"sv-SE","potentialAction":[{"@type":"ReadAction","target":["https:\/\/scandinaviantankstorage.com\/sv\/"]}]},{"@type":"ImageObject","inLanguage":"sv-SE","@id":"https:\/\/scandinaviantankstorage.com\/sv\/#primaryimage","url":"http:\/\/scandinaviantankstorage.com\/wp-content\/uploads\/2017\/05\/download.png","contentUrl":"http:\/\/scandinaviantankstorage.com\/wp-content\/uploads\/2017\/05\/download.png"},{"@type":"BreadcrumbList","@id":"https:\/\/scandinaviantankstorage.com\/sv\/#breadcrumb","itemListElement":[{"@type":"ListItem","position":1,"name":"Home","item":"https:\/\/scandinaviantankstorage.com\/sv\/"},{"@type":"ListItem","position":2,"name":"Hem"}]},{"@type":"WebSite","@id":"https:\/\/scandinaviantankstorage.com\/#website","url":"https:\/\/scandinaviantankstorage.com\/","name":"Scandinavian Tank Storage","description":"Energy Storage Our Passion","potentialAction":[{"@type":"SearchAction","target":{"@type":"EntryPoint","urlTemplate":"https:\/\/scandinaviantankstorage.com\/?s={search_term_string}"},"query-input":{"@type":"PropertyValueSpecification","valueRequired":true,"valueName":"search_term_string"}}],"inLanguage":"sv-SE"}]}},"_links":{"self":[{"href":"https:\/\/scandinaviantankstorage.com\/sv\/wp-json\/wp\/v2\/pages\/1978","targetHints":{"allow":["GET"]}}],"collection":[{"href":"https:\/\/scandinaviantankstorage.com\/sv\/wp-json\/wp\/v2\/pages"}],"about":[{"href":"https:\/\/scandinaviantankstorage.com\/sv\/wp-json\/wp\/v2\/types\/page"}],"author":[{"embeddable":true,"href":"https:\/\/scandinaviantankstorage.com\/sv\/wp-json\/wp\/v2\/users\/1"}],"replies":[{"embeddable":true,"href":"https:\/\/scandinaviantankstorage.com\/sv\/wp-json\/wp\/v2\/comments?post=1978"}],"version-history":[{"count":23,"href":"https:\/\/scandinaviantankstorage.com\/sv\/wp-json\/wp\/v2\/pages\/1978\/revisions"}],"predecessor-version":[{"id":2090,"href":"https:\/\/scandinaviantankstorage.com\/sv\/wp-json\/wp\/v2\/pages\/1978\/revisions\/2090"}],"wp:attachment":[{"href":"https:\/\/scandinaviantankstorage.com\/sv\/wp-json\/wp\/v2\/media?parent=1978"}],"curies":[{"name":"wp","href":"https:\/\/api.w.org\/{rel}","templated":true}]}}